{"id":6308,"date":"2021-11-21T12:21:26","date_gmt":"2021-11-21T17:21:26","guid":{"rendered":"http:\/\/dev.tremblantrestaurants.ca\/?page_id=6308"},"modified":"2025-05-29T12:36:29","modified_gmt":"2025-05-29T17:36:29","slug":"a-propos","status":"publish","type":"page","link":"https:\/\/ptitcaribou.com\/fr\/a-propos\/","title":{"rendered":"\u00c0 propos"},"content":{"rendered":"<div class=\"wpb-content-wrapper\"><p>[vc_row][vc_column][\/vc_column][\/vc_row][vc_row content_width=\u00a0\u00bbfull\u00a0\u00bb equal_height=\u00a0\u00bb\u00a0\u00bb shift_y=\u00a0\u00bb0&Prime; z_index=\u00a0\u00bb0&Prime;][vc_column][\/vc_column][\/vc_row][vc_row equal_height=\u00a0\u00bb\u00a0\u00bb background_type=\u00a0\u00bbimage\u00a0\u00bb background_img=\u00a0\u00bb6262&Prime; background_effect=\u00a0\u00bbparallax\u00a0\u00bb background_img_lazyload=\u00a0\u00bb1&Prime; add_overlay=\u00a0\u00bbyes\u00a0\u00bb overlay_opacity=\u00a0\u00bb80&Prime; shift_y=\u00a0\u00bb0&Prime; z_index=\u00a0\u00bb0&Prime; css=\u00a0\u00bb.vc_custom_1637511399293{padding-top: 150px !important;}\u00a0\u00bb][vc_column][vc_custom_heading text=\u00a0\u00bbLe P&rsquo;tit Caribou, ce n&rsquo;est pas seulement un bar, c&rsquo;est une l\u00e9gende\u00a0\u00bb font_size=\u00a0\u00bb36&Prime; text_align=\u00a0\u00bbleft\u00a0\u00bb font_weight=\u00a0\u00bb700&Prime;][vc_empty_space height=\u00a0\u00bb45px\u00a0\u00bb hide_class=\u00a0\u00bbwvc-show-mobile\u00a0\u00bb][vc_column_text]D\u00e9tenteur du titre de \u00ab Meilleur bar \u00e0 Mont-Tremblant \u00bb depuis plusieurs ann\u00e9es, Le P&rsquo;tit Caribou est consid\u00e9r\u00e9 par de nombreux critiques et magazines comme l&rsquo;un des MEILLEURS bars au monde ! Il a \u00e9t\u00e9 \u00e9lu meilleur bar d&rsquo;apr\u00e8s-ski en Am\u00e9rique du Nord dix ans de suite par Ski Canada Magazine et class\u00e9 quatri\u00e8me meilleur bar de ski au monde par Forbes.[\/vc_column_text][vc_empty_space height=\u00a0\u00bb135px\u00a0\u00bb hide_class=\u00a0\u00bbwvc-hide-mobile\u00a0\u00bb][\/vc_column][\/vc_row][vc_row content_width=\u00a0\u00bbfull\u00a0\u00bb equal_height=\u00a0\u00bb\u00a0\u00bb shift_y=\u00a0\u00bb0&Prime; z_index=\u00a0\u00bb0&Prime;][vc_column][vc_gallery slides_per_view=\u00a0\u00bb4&Prime; img_padding=\u00a0\u00bbno\u00a0\u00bb hover_effect=\u00a0\u00bbopacity\u00a0\u00bb images=\u00a0\u00bb5893,9231,9446,9552,6127,6129,9332,9229,8738,9448,9328,5957,9225,9444,9227,9233,9235,8947,9442,5891,6130,9357,9352,9350,9238,9348,9346,9252&Prime;][\/vc_column][\/vc_row][vc_row equal_height=\u00a0\u00bb\u00a0\u00bb background_type=\u00a0\u00bbtransparent\u00a0\u00bb shift_y=\u00a0\u00bb0&Prime; z_index=\u00a0\u00bb0&Prime;][vc_column width=\u00a0\u00bb2\/3&Prime;][vc_column_text]<\/p>\n<h3>Des souvenirs inoubliables<\/h3>\n<p>Que ce soit pour un verre de fin de journ\u00e9e, un bon repas fait maison ou une soir\u00e9e festive et bien rythm\u00e9e, Le P&rsquo;tit Caribou \u00e0 Mont-Tremblant est l&rsquo;endroit o\u00f9 se cr\u00e9ent des souvenirs inoubliables \u00e9t\u00e9 comme hiver !<\/p>\n<p>Situ\u00e9 dans l&rsquo;un des chalets de ski originaux de Jack Ryan, d&rsquo;une superficie initiale de 400 pieds carr\u00e9s, notre bar jouit maintenant d&rsquo;une superficie de pr\u00e8s de 5 000 pieds carr\u00e9s qui inclut deux \u00e9tages, cinq bars, une piste de danse ainsi qu&rsquo;un vaste espace \u00ab lounge \u00bb pouvant \u00eatre r\u00e9serv\u00e9 pour des \u00e9v\u00e9nements priv\u00e9s. Le P&rsquo;tit Caribou est une institution et un incontournable pour vivre pleinement la vie nocturne de Tremblant.<\/p>\n<p>De nombreux locaux, r\u00e9sidents saisonniers et touristes ont foul\u00e9 son sol depuis son ouverture en 1993. Puis, en 2016, Le P&rsquo;tit Caribou a \u00e9t\u00e9 achet\u00e9 et enti\u00e8rement transform\u00e9 par Joshua Wilson, S\u00e9bastien Turgeon et Tyler Lane. Soucieux de conserver l&rsquo;atmosph\u00e8re rustique du bar, le trio a r\u00e9ussi \u00e0 l&rsquo;agrandir en cr\u00e9ant une aire ouverte, en augmentant la fenestration et en ajoutant une terrasse spacieuse flanqu\u00e9e d&rsquo;un grand bar ext\u00e9rieur.[\/vc_column_text][vc_single_image image=\u00a0\u00bb8740&Prime; full_width=\u00a0\u00bb1&Prime; opacity=\u00a0\u00bb100&Prime;][vc_single_image image=\u00a0\u00bb9433&Prime; img_size=\u00a0\u00bbfull\u00a0\u00bb full_width=\u00a0\u00bb1&Prime; alignment=\u00a0\u00bbleft\u00a0\u00bb opacity=\u00a0\u00bb100&Prime; max_width=\u00a0\u00bb300&Prime; css_animation=\u00a0\u00bbfadeIn\u00a0\u00bb][\/vc_column][vc_column width=\u00a0\u00bb1\/3&Prime;][vc_empty_space][vc_single_image image=\u00a0\u00bb6259&Prime; img_size=\u00a0\u00bbfull\u00a0\u00bb full_width=\u00a0\u00bb1&Prime; text_align_mobile=\u00a0\u00bbcenter\u00a0\u00bb opacity=\u00a0\u00bb100&Prime;][\/vc_column][\/vc_row][vc_row][vc_column][\/vc_column][\/vc_row]<\/p>\n<\/div>","protected":false},"excerpt":{"rendered":"<p>[vc_row][vc_column][\/vc_column][\/vc_row][vc_row content_width=\u00a0\u00bbfull\u00a0\u00bb equal_height=\u00a0\u00bb\u00a0\u00bb shift_y=\u00a0\u00bb0&Prime; z_index=\u00a0\u00bb0&Prime;][vc_column][\/vc_column][\/vc_row][vc_row equal_height=\u00a0\u00bb\u00a0\u00bb background_type=\u00a0\u00bbimage\u00a0\u00bb background_img=\u00a0\u00bb6262&Prime; background_effect=\u00a0\u00bbparallax\u00a0\u00bb background_img_lazyload=\u00a0\u00bb1&Prime; add_overlay=\u00a0\u00bbyes\u00a0\u00bb overlay_opacity=\u00a0\u00bb80&Prime; shift_y=\u00a0\u00bb0&Prime; z_index=\u00a0\u00bb0&Prime; css=\u00a0\u00bb.vc_custom_1637511399293{padding-top: 150px !important;}\u00a0\u00bb][vc_column][vc_custom_heading text=\u00a0\u00bbLe P&rsquo;tit Caribou, ce n&rsquo;est pas seulement un bar, c&rsquo;est une l\u00e9gende\u00a0\u00bb font_size=\u00a0\u00bb36&Prime; text_align=\u00a0\u00bbleft\u00a0\u00bb font_weight=\u00a0\u00bb700&Prime;][vc_empty_space height=\u00a0\u00bb45px\u00a0\u00bb hide_class=\u00a0\u00bbwvc-show-mobile\u00a0\u00bb][vc_column_text]D\u00e9tenteur du titre de \u00ab Meilleur bar \u00e0 Mont-Tremblant \u00bb depuis plusieurs ann\u00e9es, Le P&rsquo;tit Caribou est consid\u00e9r\u00e9 par de nombreux critiques&#8230;<\/p>\n<p><a rel=\"bookmark\" class=\"hares_button_alt wvc-button wvc-button-size-xs\" href=\"https:\/\/ptitcaribou.com\/fr\/a-propos\/\"><span>Continue reading<\/span><\/a><\/p>\n","protected":false},"author":5,"featured_media":0,"parent":0,"menu_order":0,"comment_status":"closed","ping_status":"closed","template":"","meta":{"footnotes":""},"class_list":{"0":"post-6308","1":"page","2":"type-page","3":"status-publish","4":"hentry","5":"entry","6":"clearfix","7":"entry-grid","8":"entry-columns-default","9":"entry-page-module-layout-standard","10":"no-post-thumbnail","11":"entry-page","13":"entry-page-grid"},"_links":{"self":[{"href":"https:\/\/ptitcaribou.com\/fr\/wp-json\/wp\/v2\/pages\/6308"}],"collection":[{"href":"https:\/\/ptitcaribou.com\/fr\/wp-json\/wp\/v2\/pages"}],"about":[{"href":"https:\/\/ptitcaribou.com\/fr\/wp-json\/wp\/v2\/types\/page"}],"author":[{"embeddable":true,"href":"https:\/\/ptitcaribou.com\/fr\/wp-json\/wp\/v2\/users\/5"}],"replies":[{"embeddable":true,"href":"https:\/\/ptitcaribou.com\/fr\/wp-json\/wp\/v2\/comments?post=6308"}],"version-history":[{"count":14,"href":"https:\/\/ptitcaribou.com\/fr\/wp-json\/wp\/v2\/pages\/6308\/revisions"}],"predecessor-version":[{"id":9554,"href":"https:\/\/ptitcaribou.com\/fr\/wp-json\/wp\/v2\/pages\/6308\/revisions\/9554"}],"wp:attachment":[{"href":"https:\/\/ptitcaribou.com\/fr\/wp-json\/wp\/v2\/media?parent=6308"}],"curies":[{"name":"wp","href":"https:\/\/api.w.org\/{rel}","templated":true}]}}