{"id":6312,"date":"2021-11-21T12:23:02","date_gmt":"2021-11-21T17:23:02","guid":{"rendered":"http:\/\/dev.tremblantrestaurants.ca\/?page_id=6312"},"modified":"2026-01-09T11:45:54","modified_gmt":"2026-01-09T16:45:54","slug":"groupes-v-i-p-evenements-prives","status":"publish","type":"page","link":"https:\/\/ptitcaribou.com\/fr\/groupes-v-i-p-evenements-prives\/","title":{"rendered":"Groupes, V.I.P, &#038; \u00c9v\u00e9nements Priv\u00e9s"},"content":{"rendered":"<div class=\"wpb-content-wrapper\"><p>[vc_row column_type=\u00a0\u00bbblock\u00a0\u00bb hide_class=\u00a0\u00bbwvc-hide-mobile\u00a0\u00bb shift_y=\u00a0\u00bb0&Prime; z_index=\u00a0\u00bb0&Prime; min_height=\u00a0\u00bb500&Prime;][vc_column width=\u00a0\u00bb1\/2&Prime; shift_x=\u00a0\u00bb0&Prime; shift_y=\u00a0\u00bb0&Prime; z_index=\u00a0\u00bb0&Prime; max_width=\u00a0\u00bb500&Prime;][vc_empty_space height=\u00a0\u00bb74px\u00a0\u00bb hide_class=\u00a0\u00bbwvc-show-tablet\u00a0\u00bb][vc_column_text css_animation=\u00a0\u00bbfadeIn\u00a0\u00bb css_animation_delay=\u00a0\u00bb200&Prime;]<\/p>\n<h2 style=\"text-align: right;\">Services de bouteilles et V.I.P.<\/h2>\n<p style=\"text-align: right;\" data-pm-slice=\"1 1 []\">Nous disposons de plusieurs sections pouvant \u00eatre r\u00e9serv\u00e9es pour le service de bouteilles, tant pour l\u2019apr\u00e8s-ski que pour la soir\u00e9e. Pour profiter d\u2019une section priv\u00e9e de notre bar, contactez-nous pour plus de d\u00e9tails.<\/p>\n<p>[\/vc_column_text][vc_button button_type=\u00a0\u00bbhares_button_alt\u00a0\u00bb title=\u00a0\u00bbR\u00e9server ici\u00a0\u00bb size=\u00a0\u00bbmd\u00a0\u00bb align=\u00a0\u00bbright\u00a0\u00bb font_weight=\u00a0\u00bb700&Prime; button_block=\u00a0\u00bbtrue\u00a0\u00bb link=\u00a0\u00bburl:https%3A%2F%2Fptitcaribou.com%2Freserve%2F\u00a0\u00bb css_animation=\u00a0\u00bbfade-right\u00a0\u00bb css_animation_delay=\u00a0\u00bb200&Prime;][\/vc_column][vc_column width=\u00a0\u00bb1\/2&Prime; background_type=\u00a0\u00bbimage\u00a0\u00bb background_img=\u00a0\u00bb6136&Prime; background_img_lazyload=\u00a0\u00bb1&Prime; shift_x=\u00a0\u00bb0&Prime; shift_y=\u00a0\u00bb0&Prime; z_index=\u00a0\u00bb0&Prime; border_color=\u00a0\u00bbtransparent\u00a0\u00bb border_style=\u00a0\u00bbsolid\u00a0\u00bb css=\u00a0\u00bb.vc_custom_1636825366456{border-top-width: 80px !important;border-right-width: 80px !important;border-bottom-width: 80px !important;border-left-width: 80px !important;}\u00a0\u00bb][wvc_admin_helper_text comment=\u00a0\u00bbThe image is set in the column background settings.\u00a0\u00bb][vc_empty_space height=\u00a0\u00bb290&Prime;][\/vc_column][\/vc_row][vc_row column_type=\u00a0\u00bbblock\u00a0\u00bb hide_class=\u00a0\u00bbwvc-hide-mobile\u00a0\u00bb shift_y=\u00a0\u00bb0&Prime; z_index=\u00a0\u00bb0&Prime; min_height=\u00a0\u00bb500&Prime;][vc_column width=\u00a0\u00bb1\/2&Prime; background_type=\u00a0\u00bbimage\u00a0\u00bb background_img=\u00a0\u00bb5999&Prime; background_effect=\u00a0\u00bbparallax\u00a0\u00bb background_img_lazyload=\u00a0\u00bb1&Prime; shift_x=\u00a0\u00bb0&Prime; shift_y=\u00a0\u00bb0&Prime; z_index=\u00a0\u00bb0&Prime; border_color=\u00a0\u00bbtransparent\u00a0\u00bb border_style=\u00a0\u00bbsolid\u00a0\u00bb css=\u00a0\u00bb.vc_custom_1637514360459{border-top-width: 80px !important;border-right-width: 80px !important;border-bottom-width: 80px !important;border-left-width: 80px !important;}\u00a0\u00bb][vc_empty_space height=\u00a0\u00bb290&Prime;][\/vc_column][vc_column width=\u00a0\u00bb1\/2&Prime; shift_x=\u00a0\u00bb0&Prime; shift_y=\u00a0\u00bb0&Prime; z_index=\u00a0\u00bb0&Prime; max_width=\u00a0\u00bb500&Prime;][vc_column_text css_animation=\u00a0\u00bbfadeIn\u00a0\u00bb css_animation_delay=\u00a0\u00bb200&Prime;]<\/p>\n<h2 style=\"text-align: left;\">Enterrements de vie de gar\u00e7on et de vie de fille<\/h2>\n<p>Le P&rsquo;tit Caribou est le parfait endroit pour c\u00e9l\u00e9brer votre derni\u00e8re journ\u00e9e en tant que c\u00e9libataire! Le bar de station de ski #1 en Am\u00e9rique du Nord vous offre un forfait VIP unique et sp\u00e9cialement con\u00e7u pour vous! Un cadeau pour le ou la mari\u00e9e, entr\u00e9e gratuite et aucune file d&rsquo;attente.[\/vc_column_text][vc_button button_type=\u00a0\u00bbhares_button_alt\u00a0\u00bb title=\u00a0\u00bbEn savoir plus\u00a0\u00bb size=\u00a0\u00bbmd\u00a0\u00bb align=\u00a0\u00bbright\u00a0\u00bb font_weight=\u00a0\u00bb700&Prime; button_block=\u00a0\u00bbtrue\u00a0\u00bb link=\u00a0\u00bburl:https%3A%2F%2Fptitcaribou.com%2Freserve%2F\u00a0\u00bb css_animation=\u00a0\u00bbfade-right\u00a0\u00bb css_animation_delay=\u00a0\u00bb200&Prime;][\/vc_column][\/vc_row][vc_row column_type=\u00a0\u00bbblock\u00a0\u00bb hide_class=\u00a0\u00bbwvc-hide-mobile\u00a0\u00bb shift_y=\u00a0\u00bb0&Prime; z_index=\u00a0\u00bb0&Prime; min_height=\u00a0\u00bb500&Prime;][vc_column width=\u00a0\u00bb1\/2&Prime; shift_x=\u00a0\u00bb0&Prime; shift_y=\u00a0\u00bb0&Prime; z_index=\u00a0\u00bb0&Prime; max_width=\u00a0\u00bb500&Prime;][vc_column_text css_animation=\u00a0\u00bbfadeIn\u00a0\u00bb css_animation_delay=\u00a0\u00bb200&Prime;]<\/p>\n<h2 style=\"text-align: right;\">\u00c9v\u00e9nements priv\u00e9s<\/h2>\n<p style=\"text-align: right;\">Pour une exp\u00e9rience incomparable et une atmosph\u00e8re l\u00e9gendaire, Le P&rsquo;tit Caribou est LA place! Laissez-nous vous aider \u00e0 planifier votre \u00e9v\u00e9nement priv\u00e9, quel qu&rsquo;il soit, et laissez-nous vous partager notre cr\u00e9ativit\u00e9 d\u00e9bordante qui respectera votre budget.<\/p>\n<p>[\/vc_column_text][vc_button button_type=\u00a0\u00bbhares_button_alt\u00a0\u00bb title=\u00a0\u00bbEn savoir plus\u00a0\u00bb size=\u00a0\u00bbmd\u00a0\u00bb align=\u00a0\u00bbright\u00a0\u00bb font_weight=\u00a0\u00bb700&Prime; button_block=\u00a0\u00bbtrue\u00a0\u00bb link=\u00a0\u00bburl:https%3A%2F%2Fptitcaribou.com%2Freserve%2F\u00a0\u00bb css_animation=\u00a0\u00bbfade-right\u00a0\u00bb css_animation_delay=\u00a0\u00bb200&Prime;][\/vc_column][vc_column width=\u00a0\u00bb1\/2&Prime; background_type=\u00a0\u00bbimage\u00a0\u00bb background_img=\u00a0\u00bb5904&Prime; background_effect=\u00a0\u00bbparallax\u00a0\u00bb background_img_lazyload=\u00a0\u00bb1&Prime; shift_x=\u00a0\u00bb0&Prime; shift_y=\u00a0\u00bb0&Prime; z_index=\u00a0\u00bb0&Prime; border_color=\u00a0\u00bbtransparent\u00a0\u00bb border_style=\u00a0\u00bbsolid\u00a0\u00bb css=\u00a0\u00bb.vc_custom_1633289447590{border-top-width: 80px !important;border-right-width: 80px !important;border-bottom-width: 80px !important;border-left-width: 80px !important;}\u00a0\u00bb][vc_empty_space height=\u00a0\u00bb290&Prime;][\/vc_column][\/vc_row][vc_row column_type=\u00a0\u00bbblock\u00a0\u00bb hide_class=\u00a0\u00bbwvc-show-mobile\u00a0\u00bb shift_y=\u00a0\u00bb0&Prime; z_index=\u00a0\u00bb0&Prime; min_height=\u00a0\u00bb500&Prime;][vc_column shift_x=\u00a0\u00bb0&Prime; shift_y=\u00a0\u00bb0&Prime; z_index=\u00a0\u00bb0&Prime; max_width=\u00a0\u00bb500&Prime;][vc_empty_space height=\u00a0\u00bb84px\u00a0\u00bb hide_class=\u00a0\u00bbwvc-show-tablet\u00a0\u00bb][vc_column_text css_animation=\u00a0\u00bbfadeIn\u00a0\u00bb css_animation_delay=\u00a0\u00bb200&Prime;]<\/p>\n<h2 style=\"text-align: center;\">Services de bouteilles et V.I.P.<\/h2>\n<p data-pm-slice=\"1 1 []\">Nous disposons de plusieurs sections pouvant \u00eatre r\u00e9serv\u00e9es pour le service de bouteilles, tant pour l\u2019apr\u00e8s-ski que pour la soir\u00e9e. Pour profiter d\u2019une section priv\u00e9e de notre bar, contactez-nous pour plus de d\u00e9tails.<\/p>\n<p>[\/vc_column_text][vc_single_image image=\u00a0\u00bb6136&Prime; img_size=\u00a0\u00bb600&#215;600&Prime; full_width=\u00a0\u00bb1&Prime; opacity=\u00a0\u00bb100&Prime;][vc_button button_type=\u00a0\u00bbhares_button_alt\u00a0\u00bb title=\u00a0\u00bbR\u00e9server ici\u00a0\u00bb size=\u00a0\u00bbmd\u00a0\u00bb align=\u00a0\u00bbright\u00a0\u00bb font_weight=\u00a0\u00bb700&Prime; button_block=\u00a0\u00bbtrue\u00a0\u00bb link=\u00a0\u00bburl:https%3A%2F%2Fptitcaribou.com%2Freserve%2F\u00a0\u00bb css_animation=\u00a0\u00bbfade-right\u00a0\u00bb css_animation_delay=\u00a0\u00bb200&Prime;][\/vc_column][\/vc_row][vc_row column_type=\u00a0\u00bbblock\u00a0\u00bb hide_class=\u00a0\u00bbwvc-show-mobile\u00a0\u00bb shift_y=\u00a0\u00bb0&Prime; z_index=\u00a0\u00bb0&Prime; min_height=\u00a0\u00bb500&Prime;][vc_column shift_x=\u00a0\u00bb0&Prime; shift_y=\u00a0\u00bb0&Prime; z_index=\u00a0\u00bb0&Prime; max_width=\u00a0\u00bb500&Prime;][vc_empty_space height=\u00a0\u00bb25&Prime;][vc_column_text css_animation=\u00a0\u00bbfadeIn\u00a0\u00bb css_animation_delay=\u00a0\u00bb200&Prime;]<\/p>\n<h2 style=\"text-align: center;\">Enterrements de vie de gar\u00e7on et de vie de fille<\/h2>\n<p style=\"text-align: center;\">Le P&rsquo;tit Caribou est le parfait endroit pour c\u00e9l\u00e9brer votre derni\u00e8re journ\u00e9e en tant que c\u00e9libataire! Le bar de station de ski #1 en Am\u00e9rique du Nord vous offre un forfait VIP unique et sp\u00e9cialement con\u00e7u pour vous! Un cadeau pour le ou la mari\u00e9e, entr\u00e9e gratuite et aucune file d&rsquo;attente.<\/p>\n<p>[\/vc_column_text][vc_single_image image=\u00a0\u00bb5999&Prime; img_size=\u00a0\u00bb600&#215;600&Prime; full_width=\u00a0\u00bb1&Prime; opacity=\u00a0\u00bb100&Prime;][vc_button button_type=\u00a0\u00bbhares_button_alt\u00a0\u00bb title=\u00a0\u00bbEn savoir plus\u00a0\u00bb size=\u00a0\u00bbmd\u00a0\u00bb align=\u00a0\u00bbright\u00a0\u00bb font_weight=\u00a0\u00bb700&Prime; button_block=\u00a0\u00bbtrue\u00a0\u00bb link=\u00a0\u00bburl:https%3A%2F%2Fptitcaribou.com%2Freserve%2F\u00a0\u00bb css_animation=\u00a0\u00bbfade-right\u00a0\u00bb css_animation_delay=\u00a0\u00bb200&Prime;][\/vc_column][\/vc_row][vc_row column_type=\u00a0\u00bbblock\u00a0\u00bb hide_class=\u00a0\u00bbwvc-show-mobile\u00a0\u00bb shift_y=\u00a0\u00bb0&Prime; z_index=\u00a0\u00bb0&Prime; min_height=\u00a0\u00bb500&Prime;][vc_column shift_x=\u00a0\u00bb0&Prime; shift_y=\u00a0\u00bb0&Prime; z_index=\u00a0\u00bb0&Prime; max_width=\u00a0\u00bb500&Prime;][vc_empty_space height=\u00a0\u00bb25&Prime;][vc_column_text css_animation=\u00a0\u00bbfadeIn\u00a0\u00bb css_animation_delay=\u00a0\u00bb200&Prime;]<\/p>\n<h2 style=\"text-align: center;\">\u00c9v\u00e9nements priv\u00e9s<\/h2>\n<p style=\"text-align: center;\">Pour une exp\u00e9rience incomparable et une atmosph\u00e8re l\u00e9gendaire, Le P&rsquo;tit Caribou est LA place! Laissez-nous vous aider \u00e0 planifier votre \u00e9v\u00e9nement priv\u00e9, quel qu&rsquo;il soit, et laissez-nous vous partager notre cr\u00e9ativit\u00e9 d\u00e9bordante qui respectera votre budget.<\/p>\n<p>[\/vc_column_text][vc_single_image image=\u00a0\u00bb5904&Prime; img_size=\u00a0\u00bb600&#215;600&Prime; full_width=\u00a0\u00bb1&Prime; opacity=\u00a0\u00bb100&Prime;][vc_button button_type=\u00a0\u00bbhares_button_alt\u00a0\u00bb title=\u00a0\u00bbEn savoir plus\u00a0\u00bb size=\u00a0\u00bbmd\u00a0\u00bb align=\u00a0\u00bbright\u00a0\u00bb font_weight=\u00a0\u00bb700&Prime; button_block=\u00a0\u00bbtrue\u00a0\u00bb link=\u00a0\u00bburl:https%3A%2F%2Fptitcaribou.com%2Freserve%2F\u00a0\u00bb css_animation=\u00a0\u00bbfade-right\u00a0\u00bb css_animation_delay=\u00a0\u00bb200&Prime;][\/vc_column][\/vc_row]<\/p>\n<\/div>","protected":false},"excerpt":{"rendered":"<p>[vc_row column_type=\u00a0\u00bbblock\u00a0\u00bb hide_class=\u00a0\u00bbwvc-hide-mobile\u00a0\u00bb shift_y=\u00a0\u00bb0&Prime; z_index=\u00a0\u00bb0&Prime; min_height=\u00a0\u00bb500&Prime;][vc_column width=\u00a0\u00bb1\/2&Prime; shift_x=\u00a0\u00bb0&Prime; shift_y=\u00a0\u00bb0&Prime; z_index=\u00a0\u00bb0&Prime; max_width=\u00a0\u00bb500&Prime;][vc_empty_space height=\u00a0\u00bb74px\u00a0\u00bb hide_class=\u00a0\u00bbwvc-show-tablet\u00a0\u00bb][vc_column_text css_animation=\u00a0\u00bbfadeIn\u00a0\u00bb css_animation_delay=\u00a0\u00bb200&Prime;] Services de bouteilles et V.I.P. Nous disposons de plusieurs sections pouvant \u00eatre r\u00e9serv\u00e9es pour le service de bouteilles, tant pour l\u2019apr\u00e8s-ski que pour la soir\u00e9e. Pour profiter d\u2019une section priv\u00e9e de notre bar, contactez-nous pour plus de d\u00e9tails. [\/vc_column_text][vc_button button_type=\u00a0\u00bbhares_button_alt\u00a0\u00bb&#8230;<\/p>\n<p><a rel=\"bookmark\" class=\"hares_button_alt wvc-button wvc-button-size-xs\" href=\"https:\/\/ptitcaribou.com\/fr\/groupes-v-i-p-evenements-prives\/\"><span>Continue reading<\/span><\/a><\/p>\n","protected":false},"author":5,"featured_media":8694,"parent":0,"menu_order":0,"comment_status":"closed","ping_status":"closed","template":"","meta":{"footnotes":""},"class_list":{"0":"post-6312","1":"page","2":"type-page","3":"status-publish","4":"has-post-thumbnail","5":"hentry","6":"entry","7":"clearfix","8":"entry-grid","9":"entry-columns-default","10":"entry-page-module-layout-standard","11":"thumbnail-color-tone-dark","12":"entry-page","14":"entry-page-grid"},"_links":{"self":[{"href":"https:\/\/ptitcaribou.com\/fr\/wp-json\/wp\/v2\/pages\/6312"}],"collection":[{"href":"https:\/\/ptitcaribou.com\/fr\/wp-json\/wp\/v2\/pages"}],"about":[{"href":"https:\/\/ptitcaribou.com\/fr\/wp-json\/wp\/v2\/types\/page"}],"author":[{"embeddable":true,"href":"https:\/\/ptitcaribou.com\/fr\/wp-json\/wp\/v2\/users\/5"}],"replies":[{"embeddable":true,"href":"https:\/\/ptitcaribou.com\/fr\/wp-json\/wp\/v2\/comments?post=6312"}],"version-history":[{"count":6,"href":"https:\/\/ptitcaribou.com\/fr\/wp-json\/wp\/v2\/pages\/6312\/revisions"}],"predecessor-version":[{"id":9713,"href":"https:\/\/ptitcaribou.com\/fr\/wp-json\/wp\/v2\/pages\/6312\/revisions\/9713"}],"wp:featuredmedia":[{"embeddable":true,"href":"https:\/\/ptitcaribou.com\/fr\/wp-json\/wp\/v2\/media\/8694"}],"wp:attachment":[{"href":"https:\/\/ptitcaribou.com\/fr\/wp-json\/wp\/v2\/media?parent=6312"}],"curies":[{"name":"wp","href":"https:\/\/api.w.org\/{rel}","templated":true}]}}