{"id":6421,"date":"2017-11-05T15:37:27","date_gmt":"2017-11-05T15:37:27","guid":{"rendered":"http:\/\/dev.tremblantrestaurants.ca\/?page_id=6421"},"modified":"2026-02-24T12:00:39","modified_gmt":"2026-02-24T17:00:39","slug":"our-services","status":"publish","type":"page","link":"https:\/\/ptitcaribou.com\/fr\/evenements","title":{"rendered":"\u00c9v\u00e9nements"},"content":{"rendered":"<div class=\"wpb-content-wrapper\"><p>[vc_row equal_height=\u00a0\u00bb\u00a0\u00bb background_type=\u00a0\u00bbfeatured_image\u00a0\u00bb background_img_lazyload=\u00a0\u00bb1&Prime; shift_y=\u00a0\u00bb0&Prime; z_index=\u00a0\u00bb0&Prime; min_height=\u00a0\u00bb350px\u00a0\u00bb][vc_column][vc_row_inner][vc_column_inner][vc_custom_heading text=\u00a0\u00bb\u00c9v\u00e9nements\u00a0\u00bb font_size=\u00a0\u00bb36&Prime; color=\u00a0\u00bbwhite\u00a0\u00bb font_weight=\u00a0\u00bb700&Prime;][\/vc_column_inner][\/vc_row_inner][\/vc_column][\/vc_row][vc_row][vc_column width=\u00a0\u00bb1\/2&Prime;][vc_custom_heading text=\u00a0\u00bbHalloween\u00a0\u00bb font_size=\u00a0\u00bb28&Prime; text_align_mobile=\u00a0\u00bbcenter\u00a0\u00bb font_weight=\u00a0\u00bb700&Prime; css=\u00a0\u00bb.vc_custom_1771359814922{margin-bottom: 15px !important;}\u00a0\u00bb][vc_single_image image=\u00a0\u00bb9750&Prime; full_width=\u00a0\u00bb\u00a0\u00bb opacity=\u00a0\u00bb100&Prime; animated_svg=\u00a0\u00bb1&Prime;][vc_column_text]Quand l\u2019Halloween d\u00e9barque \u00e0 Tremblant, Le P\u2019tit Caribou\u00a0 se transforme en v\u00e9ritable terrain de jeu nocturne. Costumes audacieux, ambiance survolt\u00e9e, musique qui fait vibrer la montagne et cocktails festifs : tout est r\u00e9uni pour une nuit m\u00e9morable. Que tu viennes pour danser, socialiser ou repousser les limites de ton costume, c\u2019est la place o\u00f9 c\u00e9l\u00e9brer l\u2019Halloween sans retenue.[\/vc_column_text][\/vc_column][vc_column width=\u00a0\u00bb1\/2&Prime;][vc_custom_heading text=\u00a0\u00bbNYE\u00a0\u00bb font_size=\u00a0\u00bb28&Prime; text_align_mobile=\u00a0\u00bbcenter\u00a0\u00bb font_weight=\u00a0\u00bb700&Prime; css=\u00a0\u00bb.vc_custom_1771359821734{margin-bottom: 15px !important;}\u00a0\u00bb][vc_single_image image=\u00a0\u00bb9752&Prime; full_width=\u00a0\u00bb\u00a0\u00bb opacity=\u00a0\u00bb100&Prime; animated_svg=\u00a0\u00bb1&Prime;][vc_column_text]Commence la nouvelle ann\u00e9e au sommet de la f\u00eate. Pour le Jour de l\u2019An, Le P\u2019tit Caribou t\u2019invite \u00e0 vivre une soir\u00e9e intense, rythm\u00e9e par des DJ, une foule en feu et une \u00e9nergie unique jusqu\u2019aux petites heures. Compte \u00e0 rebours, bulles, c\u00e9l\u00e9bration et souvenirs garantis : si tu veux un Nouvel An l\u00e9gendaire \u00e0 Tremblant, c\u2019est ici que \u00e7a se\u00a0passe.[\/vc_column_text][\/vc_column][\/vc_row][vc_row][vc_column]\n<div class=\"wpcf7 no-js\" id=\"wpcf7-f9736-o1\" lang=\"en-US\" dir=\"ltr\">\n<div class=\"screen-reader-response\"><p role=\"status\" aria-live=\"polite\" aria-atomic=\"true\"><\/p> <ul><\/ul><\/div>\n<form action=\"\/fr\/wp-json\/wp\/v2\/pages\/6421#wpcf7-f9736-o1\" method=\"post\" class=\"wpcf7-form init\" aria-label=\"Contact form\" novalidate=\"novalidate\" data-status=\"init\">\n<div style=\"display: none;\">\n<input type=\"hidden\" name=\"_wpcf7\" value=\"9736\" \/>\n<input type=\"hidden\" name=\"_wpcf7_version\" value=\"5.9.8\" \/>\n<input type=\"hidden\" name=\"_wpcf7_locale\" value=\"en_US\" \/>\n<input type=\"hidden\" name=\"_wpcf7_unit_tag\" value=\"wpcf7-f9736-o1\" \/>\n<input type=\"hidden\" name=\"_wpcf7_container_post\" value=\"0\" \/>\n<input type=\"hidden\" name=\"_wpcf7_posted_data_hash\" value=\"\" \/>\n<\/div>\n<p>\u00c9v\u00e9nement<span class=\"wpcf7-form-control-wrap\" data-name=\"Evenement\"><select class=\"wpcf7-form-control wpcf7-select wpcf7-validates-as-required\" aria-required=\"true\" aria-invalid=\"false\" name=\"Evenement\"><option value=\"Halloween\">Halloween<\/option><option value=\"Jour de l\u2019an\">Jour de l\u2019an<\/option><\/select><\/span>\n<\/p>\n<p class=\"wpcf7-inline-field\"><span class=\"wpcf7-form-control-wrap\" data-name=\"taille-de-groupe\"><input size=\"40\" maxlength=\"400\" class=\"wpcf7-form-control wpcf7-text wpcf7-validates-as-required\" aria-required=\"true\" aria-invalid=\"false\" placeholder=\"Nombre de billet(s)\" value=\"\" type=\"text\" name=\"taille-de-groupe\" \/><\/span>\n<\/p>\n<p class=\"wpcf7-inline-field\"><span class=\"wpcf7-form-control-wrap\" data-name=\"your-name\"><input size=\"40\" maxlength=\"400\" class=\"wpcf7-form-control wpcf7-text wpcf7-validates-as-required\" aria-required=\"true\" aria-invalid=\"false\" placeholder=\"Votre nom\" value=\"\" type=\"text\" name=\"your-name\" \/><\/span>\n<\/p>\n<p class=\"wpcf7-inline-field\"><span class=\"wpcf7-form-control-wrap\" data-name=\"your-email\"><input size=\"40\" maxlength=\"400\" class=\"wpcf7-form-control wpcf7-email wpcf7-validates-as-required wpcf7-text wpcf7-validates-as-email\" aria-required=\"true\" aria-invalid=\"false\" placeholder=\"Email\" value=\"\" type=\"email\" name=\"your-email\" \/><\/span>\n<\/p>\n<p class=\"wpcf7-inline-field\"><span class=\"wpcf7-form-control-wrap\" data-name=\"tel-376\"><input size=\"40\" maxlength=\"400\" class=\"wpcf7-form-control wpcf7-tel wpcf7-validates-as-required wpcf7-text wpcf7-validates-as-tel\" aria-required=\"true\" aria-invalid=\"false\" placeholder=\"T\u00e9l\u00e9phone\" value=\"\" type=\"tel\" name=\"tel-376\" \/><\/span>\n<\/p>\n<p><span class=\"wpcf7-form-control-wrap\" data-name=\"your-message\"><textarea cols=\"40\" rows=\"10\" maxlength=\"2000\" class=\"wpcf7-form-control wpcf7-textarea\" aria-invalid=\"false\" placeholder=\"Message\" name=\"your-message\"><\/textarea><\/span>\n<\/p>\n<p class=\"wpcf7-field-no-margin\">\n<\/p>\n<p><input class=\"wpcf7-form-control wpcf7-submit has-spinner wpcf7-button-fullwidth\" type=\"submit\" value=\"Soumettre\" \/>\n<\/p><div class=\"wpcf7-response-output\" aria-hidden=\"true\"><\/div>\n<\/form>\n<\/div>\n[\/vc_column][\/vc_row][vc_row equal_height=\u00a0\u00bb\u00a0\u00bb disable_element=\u00a0\u00bbyes\u00a0\u00bb font_color=\u00a0\u00bbdark\u00a0\u00bb background_type=\u00a0\u00bbimage\u00a0\u00bb background_img=\u00a0\u00bb3519&Prime; background_repeat=\u00a0\u00bbrepeat\u00a0\u00bb background_size=\u00a0\u00bbdefault\u00a0\u00bb gap=\u00a0\u00bb60&Prime; shift_y=\u00a0\u00bb0&Prime; z_index=\u00a0\u00bb0&Prime; css=\u00a0\u00bb.vc_custom_1699462085577{padding-top: 100px !important;padding-bottom: 100px !important;}\u00a0\u00bb][vc_column][vc_separator el_width=\u00a0\u00bb50&Prime; el_height=\u00a0\u00bb3&Prime; align=\u00a0\u00bbalign_left\u00a0\u00bb color=\u00a0\u00bbaccent\u00a0\u00bb][\/vc_column][\/vc_row]<\/p>\n<\/div>","protected":false},"excerpt":{"rendered":"<p>[vc_row equal_height=\u00a0\u00bb\u00a0\u00bb background_type=\u00a0\u00bbfeatured_image\u00a0\u00bb background_img_lazyload=\u00a0\u00bb1&Prime; shift_y=\u00a0\u00bb0&Prime; z_index=\u00a0\u00bb0&Prime; min_height=\u00a0\u00bb350px\u00a0\u00bb][vc_column][vc_row_inner][vc_column_inner][vc_custom_heading text=\u00a0\u00bb\u00c9v\u00e9nements\u00a0\u00bb font_size=\u00a0\u00bb36&Prime; color=\u00a0\u00bbwhite\u00a0\u00bb font_weight=\u00a0\u00bb700&Prime;][\/vc_column_inner][\/vc_row_inner][\/vc_column][\/vc_row][vc_row][vc_column width=\u00a0\u00bb1\/2&Prime;][vc_custom_heading text=\u00a0\u00bbHalloween\u00a0\u00bb font_size=\u00a0\u00bb28&Prime; text_align_mobile=\u00a0\u00bbcenter\u00a0\u00bb font_weight=\u00a0\u00bb700&Prime; css=\u00a0\u00bb.vc_custom_1771359814922{margin-bottom: 15px !important;}\u00a0\u00bb][vc_single_image image=\u00a0\u00bb9750&Prime; full_width=\u00a0\u00bb\u00a0\u00bb opacity=\u00a0\u00bb100&Prime; animated_svg=\u00a0\u00bb1&Prime;][vc_column_text]Quand l\u2019Halloween d\u00e9barque \u00e0 Tremblant, Le P\u2019tit Caribou\u00a0 se transforme en v\u00e9ritable terrain de jeu nocturne. Costumes audacieux, ambiance survolt\u00e9e, musique qui fait vibrer la montagne et cocktails festifs : tout est r\u00e9uni&#8230;<\/p>\n<p><a rel=\"bookmark\" class=\"hares_button_alt wvc-button wvc-button-size-xs\" href=\"https:\/\/ptitcaribou.com\/fr\/evenements\"><span>Continue reading<\/span><\/a><\/p>\n","protected":false},"author":5,"featured_media":9726,"parent":0,"menu_order":0,"comment_status":"closed","ping_status":"closed","template":"","meta":{"footnotes":""},"class_list":{"0":"post-6421","1":"page","2":"type-page","3":"status-publish","4":"has-post-thumbnail","5":"hentry","6":"entry","7":"clearfix","8":"entry-grid","9":"entry-columns-default","10":"entry-page-module-layout-standard","11":"thumbnail-color-tone-dark","12":"entry-page","14":"entry-page-grid"},"_links":{"self":[{"href":"https:\/\/ptitcaribou.com\/fr\/wp-json\/wp\/v2\/pages\/6421"}],"collection":[{"href":"https:\/\/ptitcaribou.com\/fr\/wp-json\/wp\/v2\/pages"}],"about":[{"href":"https:\/\/ptitcaribou.com\/fr\/wp-json\/wp\/v2\/types\/page"}],"author":[{"embeddable":true,"href":"https:\/\/ptitcaribou.com\/fr\/wp-json\/wp\/v2\/users\/5"}],"replies":[{"embeddable":true,"href":"https:\/\/ptitcaribou.com\/fr\/wp-json\/wp\/v2\/comments?post=6421"}],"version-history":[{"count":28,"href":"https:\/\/ptitcaribou.com\/fr\/wp-json\/wp\/v2\/pages\/6421\/revisions"}],"predecessor-version":[{"id":9755,"href":"https:\/\/ptitcaribou.com\/fr\/wp-json\/wp\/v2\/pages\/6421\/revisions\/9755"}],"wp:featuredmedia":[{"embeddable":true,"href":"https:\/\/ptitcaribou.com\/fr\/wp-json\/wp\/v2\/media\/9726"}],"wp:attachment":[{"href":"https:\/\/ptitcaribou.com\/fr\/wp-json\/wp\/v2\/media?parent=6421"}],"curies":[{"name":"wp","href":"https:\/\/api.w.org\/{rel}","templated":true}]}}