{"id":6457,"date":"2021-12-12T16:56:32","date_gmt":"2021-12-12T21:56:32","guid":{"rendered":"http:\/\/dev.tremblantrestaurants.ca\/?page_id=6457"},"modified":"2026-01-09T14:26:33","modified_gmt":"2026-01-09T19:26:33","slug":"reserve","status":"publish","type":"page","link":"https:\/\/ptitcaribou.com\/fr\/reserve\/","title":{"rendered":"R\u00e9server"},"content":{"rendered":"<div class=\"wpb-content-wrapper\"><p>[vc_row equal_height=\u00a0\u00bb\u00a0\u00bb background_type=\u00a0\u00bbimage\u00a0\u00bb background_effect=\u00a0\u00bbparallax\u00a0\u00bb background_img_lazyload=\u00a0\u00bb1&Prime; add_overlay=\u00a0\u00bbyes\u00a0\u00bb overlay_opacity=\u00a0\u00bb80&Prime; shift_y=\u00a0\u00bb0&Prime; z_index=\u00a0\u00bb0&Prime; css=\u00a0\u00bb.vc_custom_1636228288206{padding-top: 150px !important;padding-bottom: 150px !important;}\u00a0\u00bb][vc_column][vc_custom_heading text=\u00a0\u00bbGroupes, \u00e9v\u00e9nements priv\u00e9s, et service de table V.I.P\u00a0\u00bb font_size=\u00a0\u00bb36&Prime; font_weight=\u00a0\u00bb700&Prime;][vc_column_text]Veuillez remplir le formulaire ci-dessous avec le plus de d\u00e9tails possible afin que nous puissions vous r\u00e9pondre dans les plus brefs d\u00e9lais.[\/vc_column_text]\n<div class=\"wpcf7 no-js\" id=\"wpcf7-f6478-o1\" lang=\"en-US\" dir=\"ltr\">\n<div class=\"screen-reader-response\"><p role=\"status\" aria-live=\"polite\" aria-atomic=\"true\"><\/p> <ul><\/ul><\/div>\n<form action=\"\/fr\/wp-json\/wp\/v2\/pages\/6457#wpcf7-f6478-o1\" method=\"post\" class=\"wpcf7-form init\" aria-label=\"Contact form\" novalidate=\"novalidate\" data-status=\"init\">\n<div style=\"display: none;\">\n<input type=\"hidden\" name=\"_wpcf7\" value=\"6478\" \/>\n<input type=\"hidden\" name=\"_wpcf7_version\" value=\"5.9.8\" \/>\n<input type=\"hidden\" name=\"_wpcf7_locale\" value=\"en_US\" \/>\n<input type=\"hidden\" name=\"_wpcf7_unit_tag\" value=\"wpcf7-f6478-o1\" \/>\n<input type=\"hidden\" name=\"_wpcf7_container_post\" value=\"0\" \/>\n<input type=\"hidden\" name=\"_wpcf7_posted_data_hash\" value=\"\" \/>\n<\/div>\n<p>Type de groupe <span class=\"wpcf7-form-control-wrap\" data-name=\"type-de-groupe\"><select class=\"wpcf7-form-control wpcf7-select wpcf7-validates-as-required\" aria-required=\"true\" aria-invalid=\"false\" name=\"type-de-groupe\"><option value=\"V.I.P Service de bouteille\">V.I.P Service de bouteille<\/option><option value=\"Enterrement de vie de gar\u00e7on ou de jeune fille\">Enterrement de vie de gar\u00e7on ou de jeune fille<\/option><option value=\"\u00c9v\u00e9nement priv\u00e9\">\u00c9v\u00e9nement priv\u00e9<\/option><\/select><\/span>\n<\/p>\n<p>Date<span class=\"wpcf7-form-control-wrap\" data-name=\"date\"><input size=\"40\" maxlength=\"400\" class=\"wpcf7-form-control wpcf7-text wpcf7-validates-as-required\" aria-required=\"true\" aria-invalid=\"false\" placeholder=\"...\" value=\"\" type=\"text\" name=\"date\" \/><\/span>\n<\/p>\n<p class=\"wpcf7-inline-field\">Heure d'arriv\u00e9e<span class=\"wpcf7-form-control-wrap\" data-name=\"time\"><input size=\"40\" maxlength=\"400\" class=\"wpcf7-form-control wpcf7-text wpcf7-validates-as-required\" aria-required=\"true\" aria-invalid=\"false\" placeholder=\"Time\" value=\"\" type=\"text\" name=\"time\" \/><\/span>\n<\/p>\n<p class=\"wpcf7-inline-field\"><span class=\"wpcf7-form-control-wrap\" data-name=\"taille-de-groupe\"><input size=\"40\" maxlength=\"400\" class=\"wpcf7-form-control wpcf7-text wpcf7-validates-as-required\" aria-required=\"true\" aria-invalid=\"false\" placeholder=\"Nombre d&#039;invit\u00e9s\" value=\"\" type=\"text\" name=\"taille-de-groupe\" \/><\/span>\n<\/p>\n<p class=\"wpcf7-inline-field\"><span class=\"wpcf7-form-control-wrap\" data-name=\"your-name\"><input size=\"40\" maxlength=\"400\" class=\"wpcf7-form-control wpcf7-text wpcf7-validates-as-required\" aria-required=\"true\" aria-invalid=\"false\" placeholder=\"Votre nom\" value=\"\" type=\"text\" name=\"your-name\" \/><\/span>\n<\/p>\n<p class=\"wpcf7-inline-field\"><span class=\"wpcf7-form-control-wrap\" data-name=\"your-email\"><input size=\"40\" maxlength=\"400\" class=\"wpcf7-form-control wpcf7-email wpcf7-validates-as-required wpcf7-text wpcf7-validates-as-email\" aria-required=\"true\" aria-invalid=\"false\" placeholder=\"Email\" value=\"\" type=\"email\" name=\"your-email\" \/><\/span>\n<\/p>\n<p class=\"wpcf7-inline-field\"><span class=\"wpcf7-form-control-wrap\" data-name=\"tel-376\"><input size=\"40\" maxlength=\"400\" class=\"wpcf7-form-control wpcf7-tel wpcf7-validates-as-required wpcf7-text wpcf7-validates-as-tel\" aria-required=\"true\" aria-invalid=\"false\" placeholder=\"T\u00e9l\u00e9phone\" value=\"\" type=\"tel\" name=\"tel-376\" \/><\/span>\n<\/p>\n<p><span class=\"wpcf7-form-control-wrap\" data-name=\"your-message\"><textarea cols=\"40\" rows=\"10\" maxlength=\"2000\" class=\"wpcf7-form-control wpcf7-textarea\" aria-invalid=\"false\" placeholder=\"Message\" name=\"your-message\"><\/textarea><\/span>\n<\/p>\n<p class=\"wpcf7-field-no-margin\">\n<\/p>\n<p><input class=\"wpcf7-form-control wpcf7-submit has-spinner wpcf7-button-fullwidth\" type=\"submit\" value=\"Soumettre\" \/>\n<\/p><div class=\"wpcf7-response-output\" aria-hidden=\"true\"><\/div>\n<\/form>\n<\/div>\n[\/vc_column][\/vc_row]<\/p>\n<\/div>","protected":false},"excerpt":{"rendered":"<p>[vc_row equal_height=\u00a0\u00bb\u00a0\u00bb background_type=\u00a0\u00bbimage\u00a0\u00bb background_effect=\u00a0\u00bbparallax\u00a0\u00bb background_img_lazyload=\u00a0\u00bb1&Prime; add_overlay=\u00a0\u00bbyes\u00a0\u00bb overlay_opacity=\u00a0\u00bb80&Prime; shift_y=\u00a0\u00bb0&Prime; z_index=\u00a0\u00bb0&Prime; css=\u00a0\u00bb.vc_custom_1636228288206{padding-top: 150px !important;padding-bottom: 150px !important;}\u00a0\u00bb][vc_column][vc_custom_heading text=\u00a0\u00bbGroupes, \u00e9v\u00e9nements priv\u00e9s, et service de table V.I.P\u00a0\u00bb font_size=\u00a0\u00bb36&Prime; font_weight=\u00a0\u00bb700&Prime;][vc_column_text]Veuillez remplir le formulaire ci-dessous avec le plus de d\u00e9tails possible afin que nous puissions vous r\u00e9pondre dans les plus brefs d\u00e9lais.[\/vc_column_text][\/vc_column][\/vc_row]<\/p>\n","protected":false},"author":5,"featured_media":8878,"parent":0,"menu_order":0,"comment_status":"closed","ping_status":"closed","template":"","meta":{"footnotes":""},"class_list":{"0":"post-6457","1":"page","2":"type-page","3":"status-publish","4":"has-post-thumbnail","5":"hentry","6":"entry","7":"clearfix","8":"entry-grid","9":"entry-columns-default","10":"entry-page-module-layout-standard","11":"thumbnail-color-tone-dark","12":"entry-page","14":"entry-page-grid"},"_links":{"self":[{"href":"https:\/\/ptitcaribou.com\/fr\/wp-json\/wp\/v2\/pages\/6457"}],"collection":[{"href":"https:\/\/ptitcaribou.com\/fr\/wp-json\/wp\/v2\/pages"}],"about":[{"href":"https:\/\/ptitcaribou.com\/fr\/wp-json\/wp\/v2\/types\/page"}],"author":[{"embeddable":true,"href":"https:\/\/ptitcaribou.com\/fr\/wp-json\/wp\/v2\/users\/5"}],"replies":[{"embeddable":true,"href":"https:\/\/ptitcaribou.com\/fr\/wp-json\/wp\/v2\/comments?post=6457"}],"version-history":[{"count":13,"href":"https:\/\/ptitcaribou.com\/fr\/wp-json\/wp\/v2\/pages\/6457\/revisions"}],"predecessor-version":[{"id":9719,"href":"https:\/\/ptitcaribou.com\/fr\/wp-json\/wp\/v2\/pages\/6457\/revisions\/9719"}],"wp:featuredmedia":[{"embeddable":true,"href":"https:\/\/ptitcaribou.com\/fr\/wp-json\/wp\/v2\/media\/8878"}],"wp:attachment":[{"href":"https:\/\/ptitcaribou.com\/fr\/wp-json\/wp\/v2\/media?parent=6457"}],"curies":[{"name":"wp","href":"https:\/\/api.w.org\/{rel}","templated":true}]}}